{"id":712,"date":"2018-10-02T11:15:35","date_gmt":"2018-10-02T11:15:35","guid":{"rendered":"https:\/\/yalcinhotel.com\/?page_id=712"},"modified":"2019-09-23T10:41:11","modified_gmt":"2019-09-23T10:41:11","slug":"contact-us-v1","status":"publish","type":"page","link":"https:\/\/yalcinhotel.com\/en\/contact-us-v1\/","title":{"rendered":"&amp; Contact Us"},"content":{"rendered":"<div data-bg-media-opacity=\"1\" class=\"vc_row wpb_row vc_row-fluid vc-row-35a272fa4de88976cf8a5a9fe470d147-17756172822027007424 vc_row-o-content-middle vc_row-flex\" data-css-row=\"\"><div class=\"wpb_column vc_column_container vc_col-sm-4\"><div class=\"vc_column-inner\"><div class=\"wpb_wrapper\"><h4 style=\"font-size: 24px;line-height: 32px;text-align: center\" class=\"vc_custom_heading\" >&amp; Phone Numbers<\/h4>\n\t<div class=\"wpb_text_column wpb_content_element\" >\n\t\t<div class=\"wpb_wrapper\">\n\t\t\t<p style=\"text-align: center;\">+90 532 525 13 99<br \/>\n+90 252 616 63 35<\/p>\n\n\t\t<\/div>\n\t<\/div>\n<\/div><\/div><\/div><div class=\"wpb_column vc_column_container vc_col-sm-4\"><div class=\"vc_column-inner\"><div class=\"wpb_wrapper\"><h4 style=\"font-size: 24px;line-height: 32px;text-align: center\" class=\"vc_custom_heading\" >&amp;Hotels<\/h4>\n\t<div class=\"wpb_text_column wpb_content_element\" >\n\t\t<div class=\"wpb_wrapper\">\n\t\t\t<p style=\"text-align: center;\">Hisar\u00f6n\u00fc-\u00d6l\u00fcdeniz-Fethiye-T\u00fcrkiye<\/p>\n\n\t\t<\/div>\n\t<\/div>\n\n\t<div class=\"wpb_text_column wpb_content_element\" >\n\t\t<div class=\"wpb_wrapper\">\n\t\t\t<p style=\"text-align: center;\"><a class=\"milenia-uppercased-link\" href=\"https:\/\/goo.gl\/maps\/GFFukuju4hmirxq59\">Locations<\/a><\/p>\n\n\t\t<\/div>\n\t<\/div>\n<\/div><\/div><\/div><div class=\"wpb_column vc_column_container vc_col-sm-4\"><div class=\"vc_column-inner\"><div class=\"wpb_wrapper\"><h4 style=\"font-size: 24px;color: #1c1c1c;line-height: 32px;text-align: center\" class=\"vc_custom_heading milenia-el--links-dark\" ><a href=\"mailto:#\">&amp; Email<\/a><\/h4>\n\t<div class=\"wpb_text_column wpb_content_element\" >\n\t\t<div class=\"wpb_wrapper\">\n\t\t\t<p style=\"text-align: center;\">info@yalcinhotel.com<\/p>\n\n\t\t<\/div>\n\t<\/div>\n\n\t<div class=\"wpb_text_column wpb_content_element\" >\n\t\t<div class=\"wpb_wrapper\">\n\t\t\t<p style=\"text-align: center;\"><a class=\"milenia-uppercased-link\" href=\"mailto:info@yalcinhotel.com\">Send Mail<\/a><\/p>\n\n\t\t<\/div>\n\t<\/div>\n<\/div><\/div><\/div><\/div><div data-bg-media-opacity=\"1\" data-vc-full-width=\"true\" data-vc-full-width-init=\"false\" data-vc-stretch-content=\"true\" class=\"vc_row wpb_row vc_row-fluid vc_custom_1538480239161 vc-row-aec742c9a4fb67e70c8dc8ec973763bc-1775617282327188532 vc_row-no-padding\" data-css-row=\"\"><div class=\"wpb_column vc_column_container vc_col-sm-12\"><div class=\"vc_column-inner\"><div class=\"wpb_wrapper\"><div class=\"wpb_gmaps_widget wpb_content_element\"><div class=\"wpb_wrapper\"><div class=\"wpb_map_wraper\"><iframe loading=\"lazy\" src=\"https:\/\/www.google.com\/maps\/embed?pb=!1m14!1m8!1m3!1d1602.103915641768!2d29.1362021!3d36.5732092!3m2!1i1024!2i768!4f13.1!3m3!1m2!1s0x14c0472b2cead2c7%3A0x14bcfe128bd5bfcc!2sYal%C3%A7%C4%B1n%20Hotel%20%26%20Apartments%20%26%20Suites!5e0!3m2!1sen!2str!4v1567173284368!5m2!1sen!2str\" width=\"800\"   height=\"300\"  frameborder=\"0\" style=\"border:0;\" allowfullscreen=\"\"><\/iframe><\/div><\/div><\/div><\/div><\/div><\/div><\/div><div class=\"vc_row-full-width vc_clearfix\"><\/div><div data-bg-media-opacity=\"1\" data-vc-full-width=\"true\" data-vc-full-width-init=\"false\" class=\"vc_row wpb_row vc_row-fluid milenia-form--fields-white vc_custom_1538562125297 vc-row-974b10c6e5a8d819c7baea0d0a9de8c1-1775617282786833505 vc_row-has-fill\" data-css-row=\"\"><div class=\"wpb_column vc_column_container vc_col-sm-12 vc_col-lg-offset-2 vc_col-lg-8\"><div class=\"vc_column-inner\"><div class=\"wpb_wrapper\"><h3 style=\"text-align: center\" class=\"vc_custom_heading\" >Contact Us!<\/h3>\n\t<div class=\"wpb_text_column wpb_content_element  vc_custom_1567174580636\" >\n\t\t<div class=\"wpb_wrapper\">\n\t\t\t<p style=\"text-align: center;\">Contact us; we will return to you as soon as possible. We look forward to hearing from you!<\/p>\n\n\t\t<\/div>\n\t<\/div>\n\n<div class=\"wpcf7 no-js\" id=\"wpcf7-f724-o1\" lang=\"en-US\" dir=\"ltr\">\n<div class=\"screen-reader-response\"><p role=\"status\" aria-live=\"polite\" aria-atomic=\"true\"><\/p> <ul><\/ul><\/div>\n<form action=\"\/en\/wp-json\/wp\/v2\/pages\/712#wpcf7-f724-o1\" method=\"post\" class=\"wpcf7-form init\" aria-label=\"Contact form\" novalidate=\"novalidate\" data-status=\"init\" data-trp-original-action=\"\/en\/wp-json\/wp\/v2\/pages\/712#wpcf7-f724-o1\">\n<div style=\"display: none;\">\n<input type=\"hidden\" name=\"_wpcf7\" value=\"724\" \/>\n<input type=\"hidden\" name=\"_wpcf7_version\" value=\"5.9.5\" \/>\n<input type=\"hidden\" name=\"_wpcf7_locale\" value=\"en_US\" \/>\n<input type=\"hidden\" name=\"_wpcf7_unit_tag\" value=\"wpcf7-f724-o1\" \/>\n<input type=\"hidden\" name=\"_wpcf7_container_post\" value=\"0\" \/>\n<input type=\"hidden\" name=\"_wpcf7_posted_data_hash\" value=\"\" \/>\n<\/div>\n<p><label>Your Name<\/label><br \/>\n<span class=\"wpcf7-form-control-wrap\" data-name=\"your-name\"><input size=\"40\" class=\"wpcf7-form-control wpcf7-text wpcf7-validates-as-required\" aria-required=\"true\" aria-invalid=\"false\" value=\"\" type=\"text\" name=\"your-name\" \/><\/span>\n<\/p>\n<p><label>Your Email<\/label><br \/>\n<span class=\"wpcf7-form-control-wrap\" data-name=\"your-email\"><input size=\"40\" class=\"wpcf7-form-control wpcf7-email wpcf7-validates-as-required wpcf7-text wpcf7-validates-as-email\" aria-required=\"true\" aria-invalid=\"false\" value=\"\" type=\"email\" name=\"your-email\" \/><\/span>\n<\/p>\n<p><label>Phone (Optional)<\/label><br \/>\n<span class=\"wpcf7-form-control-wrap\" data-name=\"phone\"><input size=\"40\" class=\"wpcf7-form-control wpcf7-text\" aria-invalid=\"false\" value=\"\" type=\"text\" name=\"phone\" \/><\/span>\n<\/p>\n<p><label>Message (Optional)<\/label><br \/>\n<span class=\"wpcf7-form-control-wrap\" data-name=\"your-message\"><textarea cols=\"40\" rows=\"7\" class=\"wpcf7-form-control wpcf7-textarea\" aria-invalid=\"false\" name=\"your-message\"><\/textarea><\/span>\n<\/p>\n<p><input class=\"wpcf7-form-control wpcf7-submit has-spinner\" type=\"submit\" value=\"Send\" \/>\n<\/p><div class=\"wpcf7-response-output\" aria-hidden=\"true\"><\/div>\n<input type=\"hidden\" name=\"trp-form-language\" value=\"en\"\/><\/form>\n<\/div>\n<\/div><\/div><\/div><\/div><div class=\"vc_row-full-width vc_clearfix\"><\/div><div data-bg-media-opacity=\"1\" data-vc-full-width=\"true\" data-vc-full-width-init=\"false\" class=\"vc_row wpb_row vc_row-fluid vc_custom_1540902770457 vc-row-dde52158a546095ee8232d230ed86e11-17756172821479821591 vc_row-has-fill vc_row-o-content-middle vc_row-flex\" data-css-row=\".vc-row-dde52158a546095ee8232d230ed86e11-17756172821479821591 .vc_parallax-inner, .vc-row-dde52158a546095ee8232d230ed86e11-17756172821479821591 .vc_video-bg { opacity: 1;}.vc-row-dde52158a546095ee8232d230ed86e11-17756172821479821591 { color: #ffffff;}.vc-row-dde52158a546095ee8232d230ed86e11-17756172821479821591 h1, .vc-row-dde52158a546095ee8232d230ed86e11-17756172821479821591 h2, .vc-row-dde52158a546095ee8232d230ed86e11-17756172821479821591 h3, .vc-row-dde52158a546095ee8232d230ed86e11-17756172821479821591 h4, .vc-row-dde52158a546095ee8232d230ed86e11-17756172821479821591 h5, .vc-row-dde52158a546095ee8232d230ed86e11-17756172821479821591 h6 { color: #ffffff;}.vc-row-dde52158a546095ee8232d230ed86e11-17756172821479821591 a:not(.milenia-ln--independent):not(.milenia-btn) { color: #ffffff; background-image: linear-gradient(to bottom, #ffffff 100%, #ffffff 100%); }\"><div class=\"text-center wpb_column vc_column_container vc_col-sm-8\"><div class=\"vc_column-inner\"><div class=\"wpb_wrapper\"><!--================ Newsletter ================-->\n<script>\n    (function($){\n        'use strict';\n\n        if(!$) return;\n\n        $(function(){\n            var $container = $('#vc-milenia-newsletter-c6e8fd523d3655966217588c625af849-17756172821656053260');\n\n            if(!$container.length) return;\n\n            if(window.appear) {\n                appear({\n                    elements: function(){\n                        return document.querySelectorAll('#vc-milenia-newsletter-c6e8fd523d3655966217588c625af849-17756172821656053260');\n                    },\n                    appear: function(element) {\n                        var $el = $(element);\n                        $el.addClass('milenia-visible').addClass($el.data('animation'));\n                    },\n                    reappear: false,\n                    bounds: -200\n                });\n            }\n\n            if($.MileniaThemeFunctionality && $.MileniaThemeFunctionality.modules && $.MileniaThemeFunctionality.modules.newsletterForm) {\n                $.MileniaThemeFunctionality.modules.newsletterForm($container.find('form.widget_wysija'));\n            }\n        });\n    })(window.jQuery);\n<\/script>\n<div id=\"vc-milenia-newsletter-c6e8fd523d3655966217588c625af849-17756172821656053260\" class=\"milenia-newsletter milenia-newsletter--btn-dark  milenia-newsletter--inline milenia-form--unbordered milenia-visible\" data-animation=\"none\">\n    <div class=\"milenia-newsletter-inner\">\n        <div class=\"milenia-newsletter-title\"><h3 class=\"milenia-singlefield-form-title\">Social Medias<\/h3><\/div>\n        <div class=\"milenia-newsletter-content\"><\/div>\n    <\/div>\n<\/div>\n<!--================ End of Newsletter ================-->\n<\/div><\/div><\/div><div class=\"text-center wpb_column vc_column_container vc_col-sm-4\"><div class=\"vc_column-inner\"><div class=\"wpb_wrapper\"><!--================ Social Icons ================-->\n<script>\n    (function($){\n        'use strict';\n\n        if(!$) return;\n\n        $(function(){\n            if(window.appear) {\n                appear({\n                    elements: function(){\n                        return document.querySelectorAll('#vc-milenia-social-icons-a680dee385463e57c79e91421f6fd019-17756172821799732716');\n                    },\n                    appear: function(element) {\n                        var $el = $(element);\n                        $el.addClass('milenia-visible').addClass($el.data('animation'));\n                    },\n                    reappear: false,\n                    bounds: -200\n                });\n            }\n        });\n    })(window.jQuery);\n<\/script>\n<ul id=\"vc-milenia-social-icons-a680dee385463e57c79e91421f6fd019-17756172821799732716\" class=\"milenia-list--unstyled milenia-social-icons milenia-social-icons--huge milenia-visible\" data-animation=\"none\">\n    <li><a href=\"https:\/\/tr-tr.facebook.com\/yalcinhotelturkey\/\"><i class=\"fab fa-facebook-f\"><\/i><\/a><\/li><li><a href=\"https:\/\/www.tripadvisor.com\/Hotel_Review-g312737-d498736-Reviews-Yalcin_Hotel-Oludeniz_Mugla_Province_Turkish_Aegean_Coast.html\"><i class=\"fab fa-tripadvisor\"><\/i><\/a><\/li><li><a href=\"https:\/\/www.instagram.com\/yalcin_otel_fethiye\/\"><i class=\"fab fa-instagram\"><\/i><\/a><\/li><li><a href=\"https:\/\/www.youtube.com\/channel\/UCvCZFYJRVYNapwP4h1sM8hw?disable_polymer=true\"><i class=\"fab fa-youtube\"><\/i><\/a><\/li>\n<\/ul>\n<!--================ End of Social Icons ================-->\n<\/div><\/div><\/div><\/div><div class=\"vc_row-full-width vc_clearfix\"><\/div>","protected":false},"excerpt":{"rendered":"&amp;Telefon Numaralar\u0131 +90 532 525 13 99 +90 252 616 63 35 &amp;Otelimiz Hisar\u00f6n\u00fc-\u00d6l\u00fcdeniz-Fethiye-T\u00fcrkiye Konumumuz &amp; Emailimiz info@yalcinhotel.com...","protected":false},"author":1,"featured_media":0,"parent":0,"menu_order":0,"comment_status":"closed","ping_status":"closed","template":"","meta":{"_coblocks_attr":"","_coblocks_dimensions":"","_coblocks_responsive_height":"","_coblocks_accordion_ie_support":"","footnotes":""},"_links":{"self":[{"href":"https:\/\/yalcinhotel.com\/en\/wp-json\/wp\/v2\/pages\/712"}],"collection":[{"href":"https:\/\/yalcinhotel.com\/en\/wp-json\/wp\/v2\/pages"}],"about":[{"href":"https:\/\/yalcinhotel.com\/en\/wp-json\/wp\/v2\/types\/page"}],"author":[{"embeddable":true,"href":"https:\/\/yalcinhotel.com\/en\/wp-json\/wp\/v2\/users\/1"}],"replies":[{"embeddable":true,"href":"https:\/\/yalcinhotel.com\/en\/wp-json\/wp\/v2\/comments?post=712"}],"version-history":[{"count":29,"href":"https:\/\/yalcinhotel.com\/en\/wp-json\/wp\/v2\/pages\/712\/revisions"}],"predecessor-version":[{"id":3488,"href":"https:\/\/yalcinhotel.com\/en\/wp-json\/wp\/v2\/pages\/712\/revisions\/3488"}],"wp:attachment":[{"href":"https:\/\/yalcinhotel.com\/en\/wp-json\/wp\/v2\/media?parent=712"}],"curies":[{"name":"wp","href":"https:\/\/api.w.org\/{rel}","templated":true}]}}