{"id":313,"date":"2018-09-27T18:41:26","date_gmt":"2018-09-27T18:41:26","guid":{"rendered":"https:\/\/yalcinhotel.com\/?page_id=313"},"modified":"2019-09-12T14:38:44","modified_gmt":"2019-09-12T14:38:44","slug":"banners","status":"publish","type":"page","link":"https:\/\/yalcinhotel.com\/en\/banners\/","title":{"rendered":"&#038; Organizasyonlar"},"content":{"rendered":"<div data-bg-media-opacity=\"1\" data-vc-full-width=\"true\" data-vc-full-width-init=\"false\" data-vc-stretch-content=\"true\" class=\"vc_row wpb_row vc_row-fluid vc-row-f3e9b8675f59ae18cf985febd506ba06-17756105741123415101\" data-css-row=\"\"><div class=\"wpb_column vc_column_container vc_col-sm-12\"><div class=\"vc_column-inner\"><div class=\"wpb_wrapper\"><!--================ Banners ================-->\n<script>\n    (function($){\n        'use strict';\n\n        var $container, $grid, $colorizer;\n\n        if(!$) return;\n\n        $(function(){\n            \/\/ Check all necessary modules have been included\n            if(!window.Milenia || !window.MileniaIsotopeWrapper || !$.fn.isotope || !$.fn.jQueryImagesLoaded) return;\n\n            $container = $('#vc-milenia-panels-97a041e7c558ce636dc69c5a3ddaea16-17756105742027312298');\n            $grid = $container.find('.milenia-grid--isotope');\n\n            if(!$container.length || !$grid.length) return;\n\n            if(window.appear) {\n                appear({\n                    elements: function(){\n                        return document.querySelectorAll('#vc-milenia-panels-97a041e7c558ce636dc69c5a3ddaea16-17756105742027312298');\n                    },\n                    appear: function(element) {\n                        var $el = $(element);\n                        $el.addClass('milenia-visible').addClass($el.data('animation'));\n                    },\n                    reappear: false,\n                    bounds: -200\n                });\n            }\n\n            $container.jQueryImagesLoaded().then(function(){\n                MileniaIsotopeWrapper.init($grid, {\n                    itemSelector: '.milenia-grid-item',\n                    transitionDuration: Milenia.ANIMATIONDURATION\n                });\n            });\n\n            if(window.Milenia.LinkUnderliner) {\n                window.Milenia.LinkUnderliner.init($container.find('a'));\n            }\n\n            $colorizer = $container.find('[class*=\"milenia-colorizer-\"]');\n\n            if($colorizer.length) {\n                if(window.Milenia && window.Milenia.helpers && window.Milenia.helpers.Colorizer) window.Milenia.helpers.Colorizer.init($colorizer);\n            }\n        });\n    })(window.jQuery);\n<\/script>\n\n<div id=\"vc-milenia-panels-97a041e7c558ce636dc69c5a3ddaea16-17756105742027312298\" class=\"milenia-banners milenia-banners--style-1 vc_custom_1568299120067 milenia-visible\" data-animation=\"none\">\n    <div data-isotope-layout=\"masonry\" class=\"milenia-grid milenia-grid--isotope milenia-grid--shortcode milenia-grid--cols-3\"><div class=\"milenia-grid-sizer\"><\/div><!--================ Banner ================-->\n<div class=\"milenia-grid-item milenia-grid-item--2x\">\n    <article class=\"milenia-banner\">\n        <div data-bg-image-src=\"https:\/\/yalcinhotel.com\/wp-content\/uploads\/2018\/10\/info-box-ima1525.jpg\" style=\"background-image: url(https:\/\/yalcinhotel.com\/wp-content\/uploads\/2018\/10\/info-box-ima1525.jpg)\" class=\"milenia-banner-media\">\n    <img loading=\"lazy\" decoding=\"async\" width=\"640\" height=\"240\" src=\"https:\/\/yalcinhotel.com\/wp-content\/uploads\/2018\/10\/info-box-ima1525.jpg\" class=\"attachment-full size-full\" alt=\"\" srcset=\"https:\/\/yalcinhotel.com\/wp-content\/uploads\/2018\/10\/info-box-ima1525.jpg 640w, https:\/\/yalcinhotel.com\/wp-content\/uploads\/2018\/10\/info-box-ima1525-300x113.jpg 300w, https:\/\/yalcinhotel.com\/wp-content\/uploads\/2018\/10\/info-box-ima1525-600x225.jpg 600w\" sizes=\"(max-width: 640px) 100vw, 640px\" \/>\n<\/div>\n\n\n        <div class=\"milenia-banner-content milenia-aligner\">\n            <div class=\"milenia-aligner-outer\">\n                <div class=\"milenia-aligner-inner\">\n                    <div class=\"milenia-banner-text\">\n                        <h2 class=\"milenia-banner-title milenia-color--unchangeable\">&amp; Wedding Anniversary Organization<\/h2>\n                        \n                    <\/div>\n\n                    <div class=\"milenia-banner-actions\">\n    <a href=\"https:\/\/www.yalcinhotel.com\/?p=2261\" title=\"More...\"   class=\"milenia-btn milenia-btn--link milenia-btn--scheme-inherit\">More...<\/a>\n<\/div>\n\n                <\/div>\n            <\/div>\n        <\/div>\n    <\/article>\n<\/div>\n<!--================ End of Banner ================-->\n<!--================ Banner ================-->\n<div class=\"milenia-grid-item\">\n    <article class=\"milenia-banner\">\n        <div data-bg-image-src=\"https:\/\/yalcinhotel.com\/wp-content\/uploads\/2018\/10\/banner-image-2.jpg\" style=\"background-image: url(https:\/\/yalcinhotel.com\/wp-content\/uploads\/2018\/10\/banner-image-2.jpg)\" class=\"milenia-banner-media\">\n    <img loading=\"lazy\" decoding=\"async\" width=\"581\" height=\"930\" src=\"https:\/\/yalcinhotel.com\/wp-content\/uploads\/2018\/10\/banner-image-2.jpg\" class=\"attachment-full size-full\" alt=\"\" srcset=\"https:\/\/yalcinhotel.com\/wp-content\/uploads\/2018\/10\/banner-image-2.jpg 581w, https:\/\/yalcinhotel.com\/wp-content\/uploads\/2018\/10\/banner-image-2-187x300.jpg 187w\" sizes=\"(max-width: 581px) 100vw, 581px\" \/>\n<\/div>\n\n\n        <div class=\"milenia-banner-content milenia-aligner\">\n            <div class=\"milenia-aligner-outer\">\n                <div class=\"milenia-aligner-inner\">\n                    <div class=\"milenia-banner-text\">\n                        <h2 class=\"milenia-banner-title milenia-color--unchangeable\">&amp; Wedding Organization<\/h2>\n                        \n                    <\/div>\n\n                    <div class=\"milenia-banner-actions\">\n    <a href=\"https:\/\/www.yalcinhotel.com\/proin-fermentum\/\" title=\"More...\"   class=\"milenia-btn milenia-btn--link milenia-btn--scheme-inherit\">More...<\/a>\n<\/div>\n\n                <\/div>\n            <\/div>\n        <\/div>\n    <\/article>\n<\/div>\n<!--================ End of Banner ================-->\n<!--================ Banner ================-->\n<div class=\"milenia-grid-item\">\n    <article class=\"milenia-banner\">\n        <div data-bg-image-src=\"https:\/\/yalcinhotel.com\/wp-content\/uploads\/2018\/10\/events-image-3.jpg\" style=\"background-image: url(https:\/\/yalcinhotel.com\/wp-content\/uploads\/2018\/10\/events-image-3.jpg)\" class=\"milenia-banner-media\">\n    <img loading=\"lazy\" decoding=\"async\" width=\"545\" height=\"390\" src=\"https:\/\/yalcinhotel.com\/wp-content\/uploads\/2018\/10\/events-image-3.jpg\" class=\"attachment-full size-full\" alt=\"\" srcset=\"https:\/\/yalcinhotel.com\/wp-content\/uploads\/2018\/10\/events-image-3.jpg 545w, https:\/\/yalcinhotel.com\/wp-content\/uploads\/2018\/10\/events-image-3-300x215.jpg 300w\" sizes=\"(max-width: 545px) 100vw, 545px\" \/>\n<\/div>\n\n\n        <div class=\"milenia-banner-content milenia-aligner\">\n            <div class=\"milenia-aligner-outer\">\n                <div class=\"milenia-aligner-inner\">\n                    <div class=\"milenia-banner-text\">\n                        <h2 class=\"milenia-banner-title milenia-color--unchangeable\">&amp; Marriage Proposal Organization<\/h2>\n                        \n                    <\/div>\n\n                    <div class=\"milenia-banner-actions\">\n    <a href=\"https:\/\/www.yalcinhotel.com\/?p=2259\" title=\"More...\"   class=\"milenia-btn milenia-btn--link milenia-btn--scheme-inherit\">More...<\/a>\n<\/div>\n\n                <\/div>\n            <\/div>\n        <\/div>\n    <\/article>\n<\/div>\n<!--================ End of Banner ================-->\n<!--================ Banner ================-->\n<div class=\"milenia-grid-item\">\n    <article class=\"milenia-banner\">\n        <div data-bg-image-src=\"https:\/\/yalcinhotel.com\/wp-content\/uploads\/2018\/10\/events-image-xsx3.jpg\" style=\"background-image: url(https:\/\/yalcinhotel.com\/wp-content\/uploads\/2018\/10\/events-image-xsx3.jpg)\" class=\"milenia-banner-media\">\n    <img loading=\"lazy\" decoding=\"async\" width=\"545\" height=\"390\" src=\"https:\/\/yalcinhotel.com\/wp-content\/uploads\/2018\/10\/events-image-xsx3.jpg\" class=\"attachment-full size-full\" alt=\"\" srcset=\"https:\/\/yalcinhotel.com\/wp-content\/uploads\/2018\/10\/events-image-xsx3.jpg 545w, https:\/\/yalcinhotel.com\/wp-content\/uploads\/2018\/10\/events-image-xsx3-300x215.jpg 300w\" sizes=\"(max-width: 545px) 100vw, 545px\" \/>\n<\/div>\n\n\n        <div class=\"milenia-banner-content milenia-aligner\">\n            <div class=\"milenia-aligner-outer\">\n                <div class=\"milenia-aligner-inner\">\n                    <div class=\"milenia-banner-text\">\n                        <h2 class=\"milenia-banner-title milenia-color--unchangeable\">&amp; Birthday Organization<\/h2>\n                        \n                    <\/div>\n\n                    <div class=\"milenia-banner-actions\">\n    <a href=\"https:\/\/www.yalcinhotel.com\/?p=2257\" title=\"More...\"   class=\"milenia-btn milenia-btn--link milenia-btn--scheme-inherit\">More...<\/a>\n<\/div>\n\n                <\/div>\n            <\/div>\n        <\/div>\n    <\/article>\n<\/div>\n<!--================ End of Banner ================-->\n<\/div>\n<\/div>\n<!--================ End of Banners ================-->\n<\/div><\/div><\/div><\/div><div class=\"vc_row-full-width vc_clearfix\"><\/div>","protected":false},"excerpt":{"rendered":"&amp; Evlilik Y\u0131ld\u00f6n\u00fcm\u00fc Organizasyonu Devam\u0131... &amp; D\u00fc\u011f\u00fcn Organizasyonu Devam\u0131... &amp; Evlilik Teklifi Organizasyonu Devam\u0131... &amp; Do\u011fum G\u00fcn\u00fc Organizasyonu...","protected":false},"author":1,"featured_media":0,"parent":0,"menu_order":0,"comment_status":"closed","ping_status":"closed","template":"","meta":{"_coblocks_attr":"","_coblocks_dimensions":"","_coblocks_responsive_height":"","_coblocks_accordion_ie_support":"","footnotes":""},"_links":{"self":[{"href":"https:\/\/yalcinhotel.com\/en\/wp-json\/wp\/v2\/pages\/313"}],"collection":[{"href":"https:\/\/yalcinhotel.com\/en\/wp-json\/wp\/v2\/pages"}],"about":[{"href":"https:\/\/yalcinhotel.com\/en\/wp-json\/wp\/v2\/types\/page"}],"author":[{"embeddable":true,"href":"https:\/\/yalcinhotel.com\/en\/wp-json\/wp\/v2\/users\/1"}],"replies":[{"embeddable":true,"href":"https:\/\/yalcinhotel.com\/en\/wp-json\/wp\/v2\/comments?post=313"}],"version-history":[{"count":13,"href":"https:\/\/yalcinhotel.com\/en\/wp-json\/wp\/v2\/pages\/313\/revisions"}],"predecessor-version":[{"id":3770,"href":"https:\/\/yalcinhotel.com\/en\/wp-json\/wp\/v2\/pages\/313\/revisions\/3770"}],"wp:attachment":[{"href":"https:\/\/yalcinhotel.com\/en\/wp-json\/wp\/v2\/media?parent=313"}],"curies":[{"name":"wp","href":"https:\/\/api.w.org\/{rel}","templated":true}]}}